{"id":2145,"date":"2022-11-09T10:32:12","date_gmt":"2022-11-09T10:32:12","guid":{"rendered":"https:\/\/danpowerservicecenter.ee\/privaatsustingimused\/"},"modified":"2023-07-25T07:17:47","modified_gmt":"2023-07-25T07:17:47","slug":"privaatsustingimused","status":"publish","type":"page","link":"https:\/\/danpowerservicecenter.ee\/de\/privaatsustingimused\/","title":{"rendered":"Datenschutz"},"content":{"rendered":"\n<div class=\"g-container l-gutenberg st-sm sb-sm\" style=\"--ama-width-container: 53.125rem\">\n\n<p><strong>DATENSCHUTZ<\/strong><\/p>\n\n\n\n<p>Danpower Eesti AS ist sich der Bedeutung des Datenschutzes bewusst. Wir tun unser M\u00f6glichstes, um alle personenbezogenen Daten zu sch\u00fctzen, die wir im Rahmen der Erbringung unserer Dienstleistungen verarbeiten.<br>Zu den Personen, deren personenbezogene Daten wir im Rahmen der Erbringung unserer Dienstleistungen verarbeiten, geh\u00f6ren unsere Kunden, andere Personen, die mit uns in einem Vertragsverh\u00e4ltnis stehen, sowie andere Personen &#8211; Besucher, Vertreter unserer Gesch\u00e4ftspartner und Stellenbewerber (im Folgenden als betroffene Personen oder Sie bezeichnet).<\/p>\n\n\n\n<p>Die Datenschutzbestimmungen beschreiben, wie wir Ihre personenbezogenen Daten erfassen, verwenden und weitergeben, und hilft Ihnen zu verstehen, welche Rechte Sie in Bezug auf Ihre Daten haben.<br>Wenn Sie uns personenbezogene Daten \u00fcber andere Personen (z. B. Bevollm\u00e4chtigte, Kontaktpersonen) zus\u00e4tzlich zu Ihren eigenen zur Verf\u00fcgung stellen, bitten wir Sie, diese Person \u00fcber die Weitergabe zu informieren und sie auf unsere Datenschutzerkl\u00e4rung und deren Inhalt hinzuweisen.<\/p>\n\n\n\n<p><strong>DER F\u00dcR DIE VERARBEITUNG DER PERSONENBEZOGENEN DATEN VERANTWORTLICHE<\/strong><br>Der f\u00fcr die Verarbeitung personenbezogener Daten Verantwortliche ist Danpower Eesti AS (Registrierungscode 10351812, Adresse Vilja tn 14, V\u00f5ru 65606, Estland (im Folgenden als Danpower Eesti oder wir bezeichnet).<br>Wenn Sie Fragen zur Verarbeitung Ihrer personenbezogenen Daten haben, wenden Sie sich bitte an unseren Datenschutzbeauftragten via andmekaitse@danpower.ee.<\/p>\n\n\n\n<p><strong>DEFINITIONEN IN DEN DATENSCHUTZBESTIMMUNGEN<\/strong><br>Sofern nicht anders angegeben, sind die in diesen Datenschutzbestimmungen verwendeten Begriffe im Einklang mit der Allgemeinen Datenschutzverordnung (DSGVO, Verordnung (EU) 2016\/679 des Europ\u00e4ischen Parlaments und des Rates vom 27. April 2016 zum Schutz nat\u00fcrlicher Personen bei der Verarbeitung personenbezogener Daten, zum freien Datenverkehr und zur Aufhebung der Richtlinie 95\/46\/EG (Datenschutz-Grundverordnung)) definiert.<\/p>\n\n\n\n<p><strong>Der Kunde<\/strong>&nbsp;ist jede nat\u00fcrliche oder juristische Person, die unsere Dienstleistungen in Anspruch nimmt, in Anspruch genommen hat oder den Wunsch ge\u00e4u\u00dfert hat, sie in Anspruch zu nehmen, sowie deren Vertreter, Bevollm\u00e4chtigter, Kontaktperson oder eine andere mit dem Vertrag verbundene Person.<br><strong>Der Bewerber <\/strong>ist eine Person, die den Wunsch ge\u00e4u\u00dfert hat, sich um eine freie Stelle bei Danpower Eesti AS zu bewerben.<\/p>\n\n\n\n<p><strong>Personenbezogene Daten <\/strong>sind alle Informationen, die sich auf eine identifizierte oder identifizierbare nat\u00fcrliche Person beziehen.<br><strong>Die Verarbeitung personenbezogener Daten<\/strong> ist jeder Vorgang, bei dem personenbezogene Daten verarbeitet werden, einschlie\u00dflich des Erhebens, Aufzeichnens, Ordnens, Speicherns, Ver\u00e4nderns und Weitergebens personenbezogener Daten, des Zugriffs auf personenbezogene Daten, des Abrufs und Wiederauffindens personenbezogener Daten und der Verwendung personenbezogener Daten.<br><strong>Auftragsverarbeiter<\/strong> ist eine nat\u00fcrliche oder juristische Person, Beh\u00f6rde, Einrichtung oder andere Stelle, die personenbezogene Daten im Auftrag eines f\u00fcr die Verarbeitung Verantwortlichen verarbeitet.<\/p>\n\n\n\n<p><strong>WELCHE PERSONENBEZOGENEN DATEN WIR SAMMELN, F\u00dcR WELCHE ZWECKE UND AUF WELCHER RECHTSGRUNDLAGE?<br><br>Kunden<\/strong><br>Danpower Eesti AS verarbeitet Ihre personenbezogenen Daten in erster Linie zum Zweck der Erbringung von Dienstleistungen und zu Abrechnungszwecken.<\/p>\n\n\n\n<p>Wir verarbeiten:<\/p>\n\n\n\n<ul class=\"wp-block-list\">\n<li>Identifizierende Informationen \u00fcber Sie<\/li>\n\n\n\n<li>Informationen \u00fcber Ihren Beruf oder Ihren Zustand<\/li>\n\n\n\n<li>Ihre Kontaktangaben<\/li>\n\n\n\n<li>Daten zum Dienstleistungsverhalten<\/li>\n\n\n\n<li>Abrechnungsdaten &#8211; eingereichte Rechnungen, geleistete Zahlungen, ausstehende Forderungen<\/li>\n\n\n\n<li>&nbsp;Kommunikation zwischen uns<\/li>\n<\/ul>\n\n\n\n<p>Die wichtigste Rechtsgrundlage f\u00fcr die Verarbeitung von Daten ist der Abschluss und die Erf\u00fcllung eines Vertrags, was ohne die Verarbeitung personenbezogener Daten nicht m\u00f6glich ist.<\/p>\n\n\n\n<p><strong>Bewerber<\/strong><br>Wir verarbeiten Ihre personenbezogenen Daten, um Ihre Eignung f\u00fcr unser Stellenangebot zu pr\u00fcfen.<\/p>\n\n\n\n<p>Wir verarbeiten alle Daten, die Sie uns in Ihrem Lebenslauf, Ihrem Motivationsschreiben, Ihrem Bewerbungsformular oder bei Vorstellungsgespr\u00e4chen zur Verf\u00fcgung stellen oder die wir z. B. von Testunternehmen und Empfehlungsgebern erhalten.<\/p>\n\n\n\n<p>Die Rechtsgrundlage f\u00fcr die Verarbeitung der Daten ist die Durchf\u00fchrung von Ma\u00dfnahmen vor dem Vertragsabschluss.<\/p>\n\n\n\n<p><strong>WOHER ERHALTEN WIR DIE ANGABEN?<\/strong><br>Wir bekommen die Angaben aus unterschiedlichen Quellen:<\/p>\n\n\n\n<ul class=\"wp-block-list\">\n<li>&nbsp;von Ihnen, wenn Sie einen Vertrag abschlie\u00dfen oder eine Bewerbung oder ein anderes Dokument (einschlie\u00dflich Lebenslauf usw.) einreichen;<\/li>\n\n\n\n<li>&nbsp;von Ihnen bei der Einreichung von Z\u00e4hlerst\u00e4nden;<\/li>\n\n\n\n<li>Daten, die bei der Erbringung des Dienstes anfallen (Verbrauch, Verbrauchsverlauf, Rechnungsverlauf).;<\/li>\n\n\n\n<li>von anderen Parteien (Unternehmen, die das Wissen von Mitarbeitern und Bewerbern testen).<\/li>\n<\/ul>\n\n\n\n<p><strong>AN WEN \u00dcBERMITTELN WIR DATEN?<\/strong><br>Wir \u00fcbermitteln personenbezogene Daten an:<\/p>\n\n\n\n<ul class=\"wp-block-list\">\n<li>an die verschiedenen staatlichen Beh\u00f6rden (Steuer- und Zollbeh\u00f6rde, Nationale Register, Statistisches Amt usw.) in \u00dcbereinstimmung mit dem Gesetz.<\/li>\n\n\n\n<li>an Beh\u00f6rden, einschlie\u00dflich Strafverfolgungsbeh\u00f6rden, Gerichtsvollziehern oder Gerichten, wenn diese eine Rechtsgrundlage f\u00fcr die Anforderung haben &#8211; personenbezogene Daten, die rechtm\u00e4\u00dfig angefordert werden.<\/li>\n\n\n\n<li>&nbsp;Dienstleister, deren Dienste die Verarbeitung personenbezogener Daten erfordern (Zeiterfassungssoftware, arbeitsmedizinische Dienste, Versicherungsunternehmen usw.).<\/li>\n\n\n\n<li>&nbsp;Rechtsdienstleister, Wirtschaftspr\u00fcfer usw., wo dies angebracht ist.<\/li>\n<\/ul>\n\n\n\n<p><strong>WIE WIR DATEN VERARBEITEN?<\/strong><br>Bei der Verarbeitung personenbezogener Daten lassen wir uns von folgenden Grunds\u00e4tzen leiten:<\/p>\n\n\n\n<ul class=\"wp-block-list\">\n<li>&nbsp;die allgemeine Datenschutzverordnung,<\/li>\n\n\n\n<li>&nbsp;das Gesetz zum Schutz personenbezogener Daten.<\/li>\n<\/ul>\n\n\n\n<p>Wir legen gro\u00dfen Wert auf den Schutz der uns anvertrauten personenbezogenen Daten und ergreifen alle erforderlichen Ma\u00dfnahmen, um den Schutz der Daten zu gew\u00e4hrleisten.<\/p>\n\n\n\n<p>Wir setzen geeignete organisatorische, physische und IT-Sicherheitsma\u00dfnahmen ein, um personenbezogene Daten zu sch\u00fctzen. Unsere Mitarbeiter sind in den Sicherheitsanforderungen und -ma\u00dfnahmen geschult und wissen, wie sie mit personenbezogenen Daten sicher umgehen k\u00f6nnen. Der Zugriff auf Ihre personenbezogenen Daten ist auf die Mitarbeiter von Danpower Eesti AS beschr\u00e4nkt, die diese spezifischen personenbezogenen Daten kennen m\u00fcssen, um ihre Aufgaben zu erf\u00fcllen.<\/p>\n\n\n\n<p>Danpower Eesti AS bedient sich bei der Verarbeitung personenbezogener Daten auch der Hilfe von Dienstleistern, d. h. von Verarbeitern (z. B. Zeiterfassung, Personalabrechnungssoftware usw.). Mit jedem dieser Dienstleister hat das Unternehmen einen umfassenden Vertrag abgeschlossen, in dem u. a. festgelegt ist, welche Daten zu welchem Zweck, wie lange und wie verarbeitet werden d\u00fcrfen. In dem Vertrag sind auch verbindliche Sicherheitsanforderungen und Sanktionen im Falle von Vertragsverletzungen festgelegt.<\/p>\n\n\n\n<p><strong>WIE LANGE WERDEN IHRE DATEN AUFBEWAHRT?<\/strong><br><\/p>\n\n\n\n<p>Die Dauer, f\u00fcr die wir bestimmte Daten aufbewahren, h\u00e4ngt von den Daten und dem Zweck ihrer Verarbeitung ab.<br>Wir bewahren Ihre Daten:<\/p>\n\n\n\n<ul class=\"wp-block-list\">\n<li>&nbsp;bis zum Ablauf der gesetzlichen Aufbewahrungsfrist, falls vorhanden (z. B. m\u00fcssen Arbeitsvertr\u00e4ge 10 Jahre ab Vertragsende aufbewahrt werden),<\/li>\n\n\n\n<li>&nbsp;solange die Daten zur Erf\u00fcllung einer Aufgabe oder eines Vertrags ben\u00f6tigt werden,<\/li>\n\n\n\n<li>&nbsp;bis zum Ablauf der Verj\u00e4hrungsfrist f\u00fcr jeglichen Anspruch,,<\/li>\n\n\n\n<li>&nbsp;bis zum Widerruf der Einwilligung (im Falle von Daten, die auf der Grundlage einer Einwilligung verarbeitet werden).<\/li>\n<\/ul>\n\n\n\n<p><strong>WELCHE RECHTE HABEN SIE?<\/strong><\/p>\n\n\n\n<ul class=\"wp-block-list\">\n<li>Sie haben das Recht, dar\u00fcber informiert zu werden, welche Daten wir verarbeiten und wie wir sie verarbeiten.<\/li>\n<\/ul>\n\n\n\n<p>Um die gew\u00fcnschten Informationen zu erhalten, m\u00fcssen Sie einen Antrag stellen. Der Antrag muss pers\u00f6nlich oder digital unterschrieben gestellt werden.<br>Eine Antwort wird sp\u00e4testens innerhalb von 30 Tagen erteilt. Wenn der Umfang der angeforderten Informationen sehr gro\u00df ist oder wenn es aus anderen Gr\u00fcnden schwierig ist, den Antrag zu bearbeiten, behalten wir uns das Recht vor, die Frist um 60 Tage zu verl\u00e4ngern. Ist eine Fristverl\u00e4ngerung erforderlich, teilen wir Ihnen dies und den Grund f\u00fcr die Verz\u00f6gerung innerhalb von 30 Tagen nach Eingang des Antrags mit.<\/p>\n\n\n\n<ul class=\"wp-block-list\">\n<li>Wenn Ihre personenbezogenen Daten auf der Grundlage Ihrer Einwilligung verarbeitet werden, haben Sie das Recht, Ihre Einwilligung jederzeit zu widerrufen.<\/li>\n<\/ul>\n\n\n\n<p>Um Ihre Einwilligung zu widerrufen, m\u00fcssen Sie einen Antrag stellen. Der Widerruf der Einwilligung ber\u00fchrt nicht die Rechtm\u00e4\u00dfigkeit der Verarbeitung, die auf der Grundlage der Einwilligung vor dem Widerruf erfolgte.<\/p>\n\n\n\n<ul class=\"wp-block-list\">\n<li>&nbsp;Sie haben das Recht, die Berichtigung Ihrer Daten zu verlangen, wenn diese sich ge\u00e4ndert haben oder anderweitig unvollst\u00e4ndig, ungenau oder unrichtig sind.<\/li>\n\n\n\n<li>&nbsp;Sie haben das Recht, die Einschr\u00e4nkung der Verarbeitung Ihrer personenbezogenen Daten zu verlangen, wenn Sie der Meinung sind, dass Ihre personenbezogenen Daten unrichtig sind oder unrechtm\u00e4\u00dfig verarbeitet werden.<\/li>\n\n\n\n<li>&nbsp;Sie haben das Recht, die L\u00f6schung Ihrer personenbezogenen Daten zu verlangen.<\/li>\n<\/ul>\n\n\n\n<p>Sie k\u00f6nnen die L\u00f6schung Ihrer personenbezogenen Daten beantragen, wenn Ihre Daten f\u00fcr den Zweck, f\u00fcr den sie erhoben wurden, nicht mehr erforderlich sind, wenn Ihre Daten auf der Grundlage Ihrer vorherigen Einwilligung verarbeitet werden und Sie Ihre Einwilligung zur\u00fcckgezogen haben oder wenn die Aufbewahrungsfrist abgelaufen ist und die Daten nicht mehr archiviert werden m\u00fcssen.<\/p>\n\n\n\n<ul class=\"wp-block-list\">\n<li>Sie haben das Recht, die \u00dcbermittlung von Daten zu verlangen<\/li>\n<\/ul>\n\n\n\n<p>In bestimmten F\u00e4llen haben Sie das Recht, die personenbezogenen Daten in maschinenlesbarer Form f\u00fcr sich selbst zu erhalten oder sie an einen anderen f\u00fcr die Verarbeitung Verantwortlichen zu \u00fcbermitteln.<\/p>\n\n\n\n<p>Sie haben das Recht, einen Rechtsbehelf bei der Datenschutzaufsichtsbeh\u00f6rde oder einem Gericht einzulegen.<\/p>\n\n<\/div>\n","protected":false},"excerpt":{"rendered":"","protected":false},"author":1,"featured_media":0,"parent":0,"menu_order":10000,"comment_status":"closed","ping_status":"closed","template":"","meta":{"_acf_changed":false,"om_disable_all_campaigns":false,"_monsterinsights_skip_tracking":false,"_monsterinsights_sitenote_active":false,"_monsterinsights_sitenote_note":"","_monsterinsights_sitenote_category":0,"_uf_show_specific_survey":0,"_uf_disable_surveys":false,"footnotes":"","_links_to":"","_links_to_target":""},"class_list":["post-2145","page","type-page","status-publish","hentry"],"acf":[],"_links":{"self":[{"href":"https:\/\/danpowerservicecenter.ee\/de\/wp-json\/wp\/v2\/pages\/2145","targetHints":{"allow":["GET"]}}],"collection":[{"href":"https:\/\/danpowerservicecenter.ee\/de\/wp-json\/wp\/v2\/pages"}],"about":[{"href":"https:\/\/danpowerservicecenter.ee\/de\/wp-json\/wp\/v2\/types\/page"}],"author":[{"embeddable":true,"href":"https:\/\/danpowerservicecenter.ee\/de\/wp-json\/wp\/v2\/users\/1"}],"replies":[{"embeddable":true,"href":"https:\/\/danpowerservicecenter.ee\/de\/wp-json\/wp\/v2\/comments?post=2145"}],"version-history":[{"count":5,"href":"https:\/\/danpowerservicecenter.ee\/de\/wp-json\/wp\/v2\/pages\/2145\/revisions"}],"predecessor-version":[{"id":2507,"href":"https:\/\/danpowerservicecenter.ee\/de\/wp-json\/wp\/v2\/pages\/2145\/revisions\/2507"}],"wp:attachment":[{"href":"https:\/\/danpowerservicecenter.ee\/de\/wp-json\/wp\/v2\/media?parent=2145"}],"curies":[{"name":"wp","href":"https:\/\/api.w.org\/{rel}","templated":true}]}}