{"id":2101,"date":"2023-04-12T12:09:21","date_gmt":"2023-04-12T12:09:21","guid":{"rendered":"https:\/\/danpowerservicecenter.ee\/meeskond\/tookuulutus\/"},"modified":"2025-07-15T14:15:08","modified_gmt":"2025-07-15T14:15:08","slug":"tookuulutus","status":"publish","type":"page","link":"https:\/\/danpowerservicecenter.ee\/de\/meeskond\/tookuulutus\/","title":{"rendered":"Stellenanzeige"},"content":{"rendered":"\n<div class=\"g-container l-gutenberg st-sm sb-none\">\n\n<h2 class=\"wp-block-heading\">DEUTSCHSPRACHIGE KUNDENBETREUER<\/h2>\n\n\n\n<p>Im September 2013 er\u00f6ffnete das W\u00e4rmeversorgungsunternehmen <a href=\"http:\/\/danpower.ee\/\" target=\"_blank\" rel=\"noopener\">Danpower Eesti AS<\/a> (Tochterunternehmen von <a href=\"https:\/\/www.danpower.de\/de\" target=\"_blank\" rel=\"noopener\">Danpower GmbH)<\/a> in V\u00f5ru ein deutschsprachiges Servicecenter. Unsere Kundenbetreuer\/innen, die \u00fcber sehr gute Deutschkenntnisse verf\u00fcgen, bedienen zurzeit die Kunden eines der gr\u00f6\u00dften Kommunalunternehmen Deutschlands (<a href=\"https:\/\/www.enercity.de\/\" target=\"_blank\" rel=\"noopener\">enercity)<\/a>, welches die Bewohner der Stadt Hannover sowie Kunden deutschlandweit mit Strom, Trinkwasser, Gas und Fernw\u00e4rme versorgt.<\/p>\n\n\n\n<h2 class=\"wp-block-heading\"><\/h2>\n\n\n\n<p>Wir haben ein modernes Arbeitsumfeld, ergonomische Arbeitspl\u00e4tze, Home-Office M\u00f6glichkeit \u00fcberall in Estland, motivierende Bonussysteme sowie eine unterst\u00fctzende Mannschaft. Im Mittelpunkt stehen die Gesundheit, Zufriedenheit, Motivation und Ausgleich zwischen Arbeits- und Privatleben<strong>&nbsp;<\/strong> der Mitarbeiter. Die Flexibilit\u00e4t bei der Schichtplanerstellung und die Ber\u00fccksichtigung individueller W\u00fcnsche sind uns wichtig &#8211; summierte Arbeitszeiten erm\u00f6glichen es uns, Schichtpl\u00e4ne zu erstellen, die f\u00fcr jeden funktionieren \u2013 um sich mit Hobbys zu besch\u00e4ftigen, famili\u00e4re Verpflichtungen zu erf\u00fcllen, Kurzreisen vorzunehmen usw.<\/p>\n\n\n\n<p>Komm ins Team und unterst\u00fctze unsere Energiekunden bei all ihren Anliegen.<\/p>\n\n\n\n<h2 class=\"wp-block-heading\"><\/h2>\n\n\n\n<p><strong>Gr\u00fcnde f\u00fcr Danpower:<\/strong><\/p>\n\n\n\n<ul class=\"wp-block-list\">\n<li>Kannst \u00fcberall in Estland im Homeoffice arbeiten oder Deinen eigenen Arbeitsplatz in unserem B\u00fcro haben<\/li>\n\n\n\n<li>Einf\u00fchrungsschulung online (Homeoffice) oder im B\u00fcro<\/li>\n\n\n\n<li>Abwechslungsreiche und herausfordernde Aufgaben, bei denen Du Dich st\u00e4ndig weiterentwickelst<\/li>\n\n\n\n<li>Internationales Team, deutschsprachiges Arbeitsumfeld<\/li>\n\n\n\n<li>Grundgehalt w\u00e4hrend der Einarbeitungsperiode 1.600 Euro brutto, sp\u00e4ter 1.800 bis 3.000 brutto<\/li>\n\n\n\n<li>Laufende Weiterbildung auf vielen Themenfeldern<\/li>\n\n\n\n<li>Vollzeitstelle in einem international agierenden Unternehmen<\/li>\n\n\n\n<li>Ansprechendes Office mit Sportraum, \u00dcbernachtungs- und Kinderzimmer, kostenloser Tee-Kaffee und w\u00f6chentliche Obsttage<\/li>\n\n\n\n<li>Dein Wohlbefinden ist uns wichtig: ergonomische Stehtische, Massagesessel, Sportf\u00f6rderung \/ betriebliche Krankenversicherung, Schwimmbadnutzung, Sportm\u00f6glichkeiten im Office (Tischtennis, Ruderger\u00e4t)<\/li>\n\n\n\n<li>Tolle Aktionen \u2013 Teamevents, Motivationsschulungen, Stammtische, Kochabende<\/li>\n<\/ul>\n\n\n\n<p><strong>Gr\u00fcnde f\u00fcr Dich:<\/strong><\/p>\n\n\n\n<ul class=\"wp-block-list\">\n<li>Sowohl deine m\u00fcndlichen als auch deine schriftlichen Deutschkenntnisse entsprechen mindestens dem Niveau C1<\/li>\n\n\n\n<li>Du bist kommunikativ und hast Freude an der telefonischen sowie schriftlichen Kundenberatung \ud83d\ude42<\/li>\n\n\n\n<li>Du bist erfahren im Umgang mit dem Computer<\/li>\n<\/ul>\n\n\n\n<p><strong>Arbeitsaufgaben:<\/strong><\/p>\n\n\n\n<ul class=\"wp-block-list\">\n<li>Betreuung und Beratung von deutschsprachigen Kunden schriftlich und per Telefon<\/li>\n\n\n\n<li>Bearbeitung von Standardprozessen zu Fragen des Verkaufes und der Abrechnung von Strom, Gas, Wasser und Abwasser<\/li>\n\n\n\n<li>Pflege und Aktualisierung von Kundendaten<\/li>\n<\/ul>\n\n\n\n<p>Bitte schicke uns Deinen Lebenslauf auf Deutsch! \ud83d\ude42<\/p>\n\n\n\n<p><br>Kontakt: Olga Soosaar, <a href=\"mailto:personal@danpower.ee\" data-type=\"mailto\" data-id=\"mailto:personal@danpower.ee\">personal@danpower.ee<\/a>, +372 5860 5113<\/p>\n\n\n\n<h2 class=\"wp-block-heading\">F\u00fcllen Sie bitte das nachstehende Formular aus, um sich zu bewerben.<\/h2>\n\n\n\n<div class=\"wp-block-contact-form-7-contact-form-selector\">\n<div class=\"wpcf7 no-js\" id=\"wpcf7-f2504-o1\" lang=\"et\" dir=\"ltr\" data-wpcf7-id=\"2504\">\n<div class=\"screen-reader-response\"><p role=\"status\" aria-live=\"polite\" aria-atomic=\"true\"><\/p> <ul><\/ul><\/div>\n<form action=\"\/de\/wp-json\/wp\/v2\/pages\/2101#wpcf7-f2504-o1\" method=\"post\" class=\"wpcf7-form init\" aria-label=\"Contact form\" novalidate=\"novalidate\" data-status=\"init\">\n<fieldset class=\"hidden-fields-container\"><input type=\"hidden\" name=\"_wpcf7\" value=\"2504\" \/><input type=\"hidden\" name=\"_wpcf7_version\" value=\"6.1.5\" \/><input type=\"hidden\" name=\"_wpcf7_locale\" value=\"et\" \/><input type=\"hidden\" name=\"_wpcf7_unit_tag\" value=\"wpcf7-f2504-o1\" \/><input type=\"hidden\" name=\"_wpcf7_container_post\" value=\"0\" \/><input type=\"hidden\" name=\"_wpcf7_posted_data_hash\" value=\"\" \/>\n<\/fieldset>\n<label> Name *\n<span class=\"wpcf7-form-control-wrap\" data-name=\"your-name\"><input size=\"40\" maxlength=\"400\" class=\"wpcf7-form-control wpcf7-text wpcf7-validates-as-required\" autocomplete=\"name\" aria-required=\"true\" aria-invalid=\"false\" value=\"\" type=\"text\" name=\"your-name\" \/><\/span><\/label>\n<label> E-Mail *\n<span class=\"wpcf7-form-control-wrap\" data-name=\"your-email\"><input size=\"40\" maxlength=\"400\" class=\"wpcf7-form-control wpcf7-email wpcf7-validates-as-required wpcf7-text wpcf7-validates-as-email\" autocomplete=\"email\" aria-required=\"true\" aria-invalid=\"false\" value=\"\" type=\"email\" name=\"your-email\" \/><\/span><\/label>\n<label> Telefonnummer *\n<span class=\"wpcf7-form-control-wrap\" data-name=\"your-phone\"><input size=\"40\" maxlength=\"400\" class=\"wpcf7-form-control wpcf7-tel wpcf7-validates-as-required wpcf7-text wpcf7-validates-as-tel\" aria-required=\"true\" aria-invalid=\"false\" value=\"\" type=\"tel\" name=\"your-phone\" \/><\/span><\/label>\n<label> CV (.pdf) \/ Motivationsvideo\n    <span class=\"wpcf7-form-control-wrap\" data-name=\"your-cv\"><input size=\"40\" class=\"wpcf7-form-control wpcf7-drag-n-drop-file d-none\" aria-invalid=\"false\" type=\"file\" multiple=\"multiple\" data-name=\"your-cv\" data-type=\"pdf|mp4|mov|webm|avi|wmv|mkv\" data-limit=\"20000000\" data-max=\"2\" data-id=\"2504\" data-version=\"free version 1.3.9.6\" accept=\".pdf, .mp4, .mov, .webm, .avi, .wmv, .mkv\" \/><\/span> <\/label>\n\n<span class=\"wpcf7-form-control-wrap\" data-name=\"your-store\"><span class=\"wpcf7-form-control wpcf7-acceptance optional\"><span class=\"wpcf7-list-item\"><label><input type=\"checkbox\" name=\"your-store\" value=\"1\" aria-invalid=\"false\" \/><span class=\"wpcf7-list-item-label\">Ich stimme der Speicherung meiner Daten in dem Bewerbungsmanagementsystem von Danpower Eesti zu.<\/span><\/label><\/span><\/span><\/span>\n\n<button class=\"btn btn--primary\" type=\"submit\">Senden<\/button><div class=\"wpcf7-response-output\" aria-hidden=\"true\"><\/div>\n<\/form>\n<\/div>\n<\/div>\n\n<\/div>\n","protected":false},"excerpt":{"rendered":"","protected":false},"author":1,"featured_media":0,"parent":2080,"menu_order":100,"comment_status":"closed","ping_status":"closed","template":"page-template\/bg.php","meta":{"_acf_changed":false,"om_disable_all_campaigns":false,"_monsterinsights_skip_tracking":false,"_monsterinsights_sitenote_active":false,"_monsterinsights_sitenote_note":"","_monsterinsights_sitenote_category":0,"_uf_show_specific_survey":0,"_uf_disable_surveys":false,"footnotes":"","_links_to":"","_links_to_target":""},"class_list":["post-2101","page","type-page","status-publish","hentry"],"acf":[],"_links":{"self":[{"href":"https:\/\/danpowerservicecenter.ee\/de\/wp-json\/wp\/v2\/pages\/2101","targetHints":{"allow":["GET"]}}],"collection":[{"href":"https:\/\/danpowerservicecenter.ee\/de\/wp-json\/wp\/v2\/pages"}],"about":[{"href":"https:\/\/danpowerservicecenter.ee\/de\/wp-json\/wp\/v2\/types\/page"}],"author":[{"embeddable":true,"href":"https:\/\/danpowerservicecenter.ee\/de\/wp-json\/wp\/v2\/users\/1"}],"replies":[{"embeddable":true,"href":"https:\/\/danpowerservicecenter.ee\/de\/wp-json\/wp\/v2\/comments?post=2101"}],"version-history":[{"count":5,"href":"https:\/\/danpowerservicecenter.ee\/de\/wp-json\/wp\/v2\/pages\/2101\/revisions"}],"predecessor-version":[{"id":8580,"href":"https:\/\/danpowerservicecenter.ee\/de\/wp-json\/wp\/v2\/pages\/2101\/revisions\/8580"}],"up":[{"embeddable":true,"href":"https:\/\/danpowerservicecenter.ee\/de\/wp-json\/wp\/v2\/pages\/2080"}],"wp:attachment":[{"href":"https:\/\/danpowerservicecenter.ee\/de\/wp-json\/wp\/v2\/media?parent=2101"}],"curies":[{"name":"wp","href":"https:\/\/api.w.org\/{rel}","templated":true}]}}