{"id":2078,"date":"2023-03-28T12:52:20","date_gmt":"2023-03-28T12:52:20","guid":{"rendered":"https:\/\/danpowerservicecenter.ee\/meist\/tutvustus\/"},"modified":"2023-07-25T06:35:49","modified_gmt":"2023-07-25T06:35:49","slug":"tutvustus","status":"publish","type":"page","link":"https:\/\/danpowerservicecenter.ee\/de\/meist\/tutvustus\/","title":{"rendered":"Einf\u00fchrung"},"content":{"rendered":"\n<div class=\"g-container l-gutenberg st-sm sb-none\">\n\n<h2 class=\"wp-block-heading\">Servicecenter Danpower Eesti <\/h2>\n\n\n\n<p><\/p>\n\n\n\n<p>Im September 2013 er\u00f6ffnete das W\u00e4rmeversorgungsunternehmen <a href=\"http:\/\/danpower.ee\" target=\"_blank\" rel=\"noopener\">Danpower Eesti AS<\/a> in V\u00f5ru ein deutschsprachiges Servicecenter. Unsere Kundenbetreuer\/innen, die \u00fcber sehr gute Deutschkenntnisse verf\u00fcgen, bedienen zurzeit die Kunden eines der gr\u00f6\u00dften Kommunalunternehmen Deutschlands (<a href=\"http:\/\/www.enercity.de\" target=\"_blank\" rel=\"noopener\">enercity<\/a>), welches die Bewohner der Stadt Hannover sowie Kunden deutschlandweit mit Strom, Trinkwasser, Gas und Fernw\u00e4rme versorgt.<\/p>\n\n\n\n<h2 class=\"wp-block-heading\"><\/h2>\n\n\n\n<p>Wir haben ein modernes Arbeitsumfeld, ergonomische Arbeitspl\u00e4tze, Home-Office M\u00f6glichkeit \u00fcberall in Estland, motivierende Bonussysteme sowie eine unterst\u00fctzende Mannschaft. Im Mittelpunkt stehen Gesundheit, Zufriedenheit, Motivation und Ausgleich zwischen Arbeits- und Privatleben<strong>&nbsp;<\/strong>&nbsp;der Mitarbeiter. Die Flexibilit\u00e4t bei der Schichtplanerstellung und die Ber\u00fccksichtigung individueller W\u00fcnsche sind uns wichtig \u2013 summierte Arbeitszeiten erm\u00f6glichen es uns, Schichtpl\u00e4ne zu erstellen, die f\u00fcr jeden funktionieren \u2013 um sich mit Hobbys zu besch\u00e4ftigen, famili\u00e4re Verpflichtungen zu erf\u00fcllen, Kurzreisen vorzunehmen usw.<\/p>\n\n<\/div>\n","protected":false},"excerpt":{"rendered":"","protected":false},"author":1,"featured_media":0,"parent":2075,"menu_order":0,"comment_status":"closed","ping_status":"closed","template":"page-template\/bg.php","meta":{"_acf_changed":false,"om_disable_all_campaigns":false,"_monsterinsights_skip_tracking":false,"_monsterinsights_sitenote_active":false,"_monsterinsights_sitenote_note":"","_monsterinsights_sitenote_category":0,"_uf_show_specific_survey":0,"_uf_disable_surveys":false,"footnotes":"","_links_to":"","_links_to_target":""},"class_list":["post-2078","page","type-page","status-publish","hentry"],"acf":[],"_links":{"self":[{"href":"https:\/\/danpowerservicecenter.ee\/de\/wp-json\/wp\/v2\/pages\/2078","targetHints":{"allow":["GET"]}}],"collection":[{"href":"https:\/\/danpowerservicecenter.ee\/de\/wp-json\/wp\/v2\/pages"}],"about":[{"href":"https:\/\/danpowerservicecenter.ee\/de\/wp-json\/wp\/v2\/types\/page"}],"author":[{"embeddable":true,"href":"https:\/\/danpowerservicecenter.ee\/de\/wp-json\/wp\/v2\/users\/1"}],"replies":[{"embeddable":true,"href":"https:\/\/danpowerservicecenter.ee\/de\/wp-json\/wp\/v2\/comments?post=2078"}],"version-history":[{"count":4,"href":"https:\/\/danpowerservicecenter.ee\/de\/wp-json\/wp\/v2\/pages\/2078\/revisions"}],"predecessor-version":[{"id":2499,"href":"https:\/\/danpowerservicecenter.ee\/de\/wp-json\/wp\/v2\/pages\/2078\/revisions\/2499"}],"up":[{"embeddable":true,"href":"https:\/\/danpowerservicecenter.ee\/de\/wp-json\/wp\/v2\/pages\/2075"}],"wp:attachment":[{"href":"https:\/\/danpowerservicecenter.ee\/de\/wp-json\/wp\/v2\/media?parent=2078"}],"curies":[{"name":"wp","href":"https:\/\/api.w.org\/{rel}","templated":true}]}}