{"id":1220,"date":"2022-11-09T10:17:57","date_gmt":"2022-11-09T10:17:57","guid":{"rendered":"https:\/\/danpowerservicecenter.ee\/avaleht\/"},"modified":"2023-08-03T13:20:41","modified_gmt":"2023-08-03T13:20:41","slug":"avaleht","status":"publish","type":"page","link":"https:\/\/danpowerservicecenter.ee\/de\/","title":{"rendered":"Startseite"},"content":{"rendered":"\n<div class=\"g-container l-gutenberg st-none sb-none\">\n<div class=\"g-bg-links\"><div class=\"g-bg-links__bg\"><div class=\"g-bg-links__bg-item\" id=\"g-bg-item-0\" data-block=\"0\"><img loading=\"lazy\" decoding=\"async\" class=\"g-bg-links__bg-image\" width=\"1920\" height=\"800\" src=\"https:\/\/danpowerservicecenter.ee\/wp-content\/uploads\/fly-images\/1098\/telephone-g6fb62ab79_1920-1920x800-c.jpg\" alt=\"telephone-g6fb62ab79_1920\" draggable=\"false\"\/><\/div><div class=\"g-bg-links__bg-item g-bg-links__bg-item--hidden\" id=\"g-bg-item-1\" data-block=\"0\"><img loading=\"lazy\" decoding=\"async\" class=\"g-bg-links__bg-image\" width=\"1920\" height=\"800\" src=\"https:\/\/danpowerservicecenter.ee\/wp-content\/uploads\/fly-images\/999\/meeskond-1920x800-c.jpg\" alt=\"meeskond\" draggable=\"false\"\/><\/div><div class=\"g-bg-links__bg-item g-bg-links__bg-item--hidden\" id=\"g-bg-item-2\" data-block=\"0\"><img loading=\"lazy\" decoding=\"async\" class=\"g-bg-links__bg-image\" width=\"1920\" height=\"800\" src=\"https:\/\/danpowerservicecenter.ee\/wp-content\/uploads\/fly-images\/1116\/lind3-1920x800-c.jpg\" alt=\"lind3\" draggable=\"false\"\/><\/div><div class=\"g-bg-links__bg-item g-bg-links__bg-item--hidden\" id=\"g-bg-item-3\" data-block=\"0\"><img loading=\"lazy\" decoding=\"async\" class=\"g-bg-links__bg-image\" width=\"1920\" height=\"800\" src=\"https:\/\/danpowerservicecenter.ee\/wp-content\/uploads\/fly-images\/1117\/galerii4-1920x800-c.jpg\" alt=\"galerii4\" draggable=\"false\"\/><\/div><\/div><div id=\"g-bg-links__links-1\" class=\"g-bg-links__links splide\" data-splide=\"{&quot;perPage&quot;:4,&quot;pagination&quot;:false,&quot;arrows&quot;:&quot;true&quot;,&quot;breakpoints&quot;:{&quot;1150&quot;:{&quot;perPage&quot;:3},&quot;790&quot;:{&quot;perPage&quot;:2},&quot;670&quot;:{&quot;perPage&quot;:1}}}\"><div class=\"splide__track\"><div class=\"splide__list\"><div style=\"background: url(https:\/\/danpowerservicecenter.ee\/wp-content\/uploads\/fly-images\/1098\/telephone-g6fb62ab79_1920-670x800-c.jpg) center \/ cover no-repeat\" class=\"splide__slide\"><a class=\"g-bg-links__link\" href=\"https:\/\/danpowerservicecenter.ee\/meist\/\" data-image=\"#g-bg-item-0\"><div class=\"g-bg-links__link-title h3\">\u00dcBER UNS<\/div><\/a><\/div><div style=\"background: url(https:\/\/danpowerservicecenter.ee\/wp-content\/uploads\/fly-images\/999\/meeskond-670x800-c.jpg) center \/ cover no-repeat\" class=\"splide__slide\"><a class=\"g-bg-links__link\" href=\"https:\/\/danpowerservicecenter.ee\/meeskond\/\" data-image=\"#g-bg-item-1\"><div class=\"g-bg-links__link-title h3\">TEAM<\/div><\/a><\/div><div style=\"background: url(https:\/\/danpowerservicecenter.ee\/wp-content\/uploads\/fly-images\/1116\/lind3-670x800-c.jpg) center \/ cover no-repeat\" class=\"splide__slide\"><a class=\"g-bg-links__link\" href=\"https:\/\/danpowerservicecenter.ee\/category\/blogi\/\" data-image=\"#g-bg-item-2\"><div class=\"g-bg-links__link-title h3\">BLOG<\/div><\/a><\/div><div style=\"background: url(https:\/\/danpowerservicecenter.ee\/wp-content\/uploads\/fly-images\/1117\/galerii4-670x800-c.jpg) center \/ cover no-repeat\" class=\"splide__slide\"><a class=\"g-bg-links__link\" href=\"#\" data-image=\"#g-bg-item-3\"><div class=\"g-bg-links__link-title h3\">GALERIE<\/div><\/a><\/div><\/div><\/div><\/div><\/div>\n<\/div>\n\n<div class=\"g-container l-gutenberg st-sm sb-sm\">\n<div class=\"g-heading l-container text-center g-heading--decoration\"><h2 class=\"g-heading__title\">Blog<\/h2><\/div>\n\n\n<h2 class=\"wp-block-heading\"><\/h2>\n\n\n<div class=\"g-banner\"><div id=\"c-banner-2\" class=\"c-banner splide\" data-splide=\"{&quot;type&quot;:&quot;fade&quot;,&quot;arrows&quot;:false,&quot;speed&quot;:1000,&quot;autoplay&quot;:true,&quot;interval&quot;:7000,&quot;rewind&quot;:true}\"><div class=\"splide__track\"><div class=\"splide__list\"><div class=\"c-banner__slide bg-dark splide__slide\"><div class=\"c-banner__bg\" style=\"background: url(https:\/\/danpowerservicecenter.ee\/wp-content\/uploads\/fly-images\/9255\/rterter-1-1920x960-c.jpg) center \/ cover no-repeat\"><\/div><div class=\"c-banner__content l-container\"><div class=\"c-banner__content-inner\"><div class=\"c-banner__title h2\">DANPOWER 2026: FEBRUAR \u2013 Schlaf &amp; Erholung \ud83d\ude34<\/div><div class=\"c-banner__links\"><a href=\"https:\/\/danpowerservicecenter.ee\/de\/danpower-2026-februar-schlaf-erholung-%f0%9f%98%b4\/\" class=\"c-banner__link btn btn--primary\">Read more<\/a><\/div><\/div><\/div><\/div><div class=\"c-banner__slide bg-dark splide__slide\"><div class=\"c-banner__bg\" style=\"background: url(https:\/\/danpowerservicecenter.ee\/wp-content\/uploads\/fly-images\/9244\/rterter-1920x960-c.jpg) center \/ cover no-repeat\"><\/div><div class=\"c-banner__content l-container\"><div class=\"c-banner__content-inner\"><div class=\"c-banner__title h2\">DANPOWER 2026: Veebruar &#8211; Unekuu \ud83d\ude34<\/div><div class=\"c-banner__links\"><a href=\"https:\/\/danpowerservicecenter.ee\/veebruar-dp-unekuu-%f0%9f%98%b4\/\" class=\"c-banner__link btn btn--primary\">Read more<\/a><\/div><\/div><\/div><\/div><div class=\"c-banner__slide bg-dark splide__slide\"><div class=\"c-banner__bg\" style=\"background: url(https:\/\/danpowerservicecenter.ee\/wp-content\/uploads\/fly-images\/9238\/20260227-Danpower-Eesti-1920x960-c.jpeg) center \/ cover no-repeat\"><\/div><div class=\"c-banner__content l-container\"><div class=\"c-banner__content-inner\"><div class=\"c-banner__title h2\">Inspiration und gemeinsame Vision: Aur\u00e9lie Alemany besuchte unser Team<\/div><div class=\"c-banner__links\"><a href=\"https:\/\/danpowerservicecenter.ee\/de\/inspiration-und-gemeinsame-vision-aurelie-alemany-besuchte-unser-team\/\" class=\"c-banner__link btn btn--primary\">Read more<\/a><\/div><\/div><\/div><\/div><div class=\"c-banner__slide bg-dark splide__slide\"><div class=\"c-banner__bg\" style=\"background: url(https:\/\/danpowerservicecenter.ee\/wp-content\/uploads\/fly-images\/9234\/20260227-Danpower-Eesti-1920x960-c.jpeg) center \/ cover no-repeat\"><\/div><div class=\"c-banner__content l-container\"><div class=\"c-banner__content-inner\"><div class=\"c-banner__title h2\">Inspiratsioon ja \u00fchine visioon: Aur\u00e9lie Alemany k\u00fclastas meie meeskonda<\/div><div class=\"c-banner__links\"><a href=\"https:\/\/danpowerservicecenter.ee\/9233\/\" class=\"c-banner__link btn btn--primary\">Read more<\/a><\/div><\/div><\/div><\/div><\/div><\/div><\/div><\/div>\n\n\n\n\n<h2 class=\"wp-block-heading\"><\/h2>\n\n\n<div class=\"g-heading l-container text-center g-heading--decoration\"><h2 class=\"g-heading__title\">Galerie<\/h2><\/div>\n\n\n<h2 class=\"wp-block-heading\"><\/h2>\n\n\n<div class=\"g-banner\"><div id=\"c-banner-3\" class=\"c-banner splide\" data-splide=\"{&quot;type&quot;:&quot;fade&quot;,&quot;arrows&quot;:false,&quot;speed&quot;:1000,&quot;autoplay&quot;:true,&quot;interval&quot;:7000,&quot;rewind&quot;:true}\"><div class=\"splide__track\"><div class=\"splide__list\"><div class=\"c-banner__slide bg-dark splide__slide\"><div class=\"c-banner__bg\" style=\"background: url(https:\/\/danpowerservicecenter.ee\/wp-content\/uploads\/fly-images\/1700\/IMG_E3665-1920x960-c.jpg) center \/ cover no-repeat\"><\/div><div class=\"c-banner__content l-container\"><div class=\"c-banner__content-inner\"><div class=\"c-banner__title h2\">Veranstaltungen<\/div><div class=\"c-banner__links\"><a href=\"https:\/\/danpowerservicecenter.ee\/de\/galerii\/uritused\/\" class=\"c-banner__link btn btn--primary\">View gallery<\/a><\/div><\/div><\/div><\/div><div class=\"c-banner__slide bg-dark splide__slide\"><div class=\"c-banner__bg\" style=\"background: url(https:\/\/danpowerservicecenter.ee\/wp-content\/uploads\/fly-images\/5253\/329649895_713324880446026_8582705729767448242_n-1920x960-c.jpg) center \/ cover no-repeat\"><\/div><div class=\"c-banner__content l-container\"><div class=\"c-banner__content-inner\"><div class=\"c-banner__title h2\">Team<\/div><div class=\"c-banner__links\"><a href=\"https:\/\/danpowerservicecenter.ee\/de\/galerii\/tiim\/\" class=\"c-banner__link btn btn--primary\">View gallery<\/a><\/div><\/div><\/div><\/div><div class=\"c-banner__slide bg-dark splide__slide\"><div class=\"c-banner__bg\" style=\"background: url(https:\/\/danpowerservicecenter.ee\/wp-content\/uploads\/fly-images\/3557\/DSC_2983-scaled-1920x960-c.jpg) center \/ cover no-repeat\"><\/div><div class=\"c-banner__content l-container\"><div class=\"c-banner__content-inner\"><div class=\"c-banner__title h2\">B\u00fcro<\/div><div class=\"c-banner__links\"><a href=\"https:\/\/danpowerservicecenter.ee\/de\/galerii\/buroo\/\" class=\"c-banner__link btn btn--primary\">View gallery<\/a><\/div><\/div><\/div><\/div><div class=\"c-banner__slide bg-dark splide__slide\"><div class=\"c-banner__bg\" style=\"background: url(https:\/\/danpowerservicecenter.ee\/wp-content\/uploads\/fly-images\/1679\/IMG_0855-Kopie-3-scaled-1920x960-c.jpg) center \/ cover no-repeat\"><\/div><div class=\"c-banner__content l-container\"><div class=\"c-banner__content-inner\"><div class=\"c-banner__title h2\">Aktionen<\/div><div class=\"c-banner__links\"><a href=\"https:\/\/danpowerservicecenter.ee\/de\/galerii\/aktsioonid\/\" class=\"c-banner__link btn btn--primary\">View gallery<\/a><\/div><\/div><\/div><\/div><div class=\"c-banner__slide bg-dark splide__slide\"><div class=\"c-banner__bg\" style=\"background: url(https:\/\/danpowerservicecenter.ee\/wp-content\/uploads\/fly-images\/1254\/Kook9-1920x960-c.jpg) center \/ cover no-repeat\"><\/div><div class=\"c-banner__content l-container\"><div class=\"c-banner__content-inner\"><div class=\"c-banner__title h2\">Varia<\/div><div class=\"c-banner__links\"><a href=\"https:\/\/danpowerservicecenter.ee\/de\/galerii\/varia\/\" class=\"c-banner__link btn btn--primary\">View gallery<\/a><\/div><\/div><\/div><\/div><\/div><\/div><\/div><\/div>\n<\/div>\n\n\n","protected":false},"excerpt":{"rendered":"","protected":false},"author":1,"featured_media":0,"parent":0,"menu_order":0,"comment_status":"closed","ping_status":"closed","template":"","meta":{"_acf_changed":false,"om_disable_all_campaigns":false,"_monsterinsights_skip_tracking":false,"_monsterinsights_sitenote_active":false,"_monsterinsights_sitenote_note":"","_monsterinsights_sitenote_category":0,"_uf_show_specific_survey":0,"_uf_disable_surveys":false,"footnotes":"","_links_to":"","_links_to_target":""},"class_list":["post-1220","page","type-page","status-publish","hentry"],"acf":[],"_links":{"self":[{"href":"https:\/\/danpowerservicecenter.ee\/de\/wp-json\/wp\/v2\/pages\/1220","targetHints":{"allow":["GET"]}}],"collection":[{"href":"https:\/\/danpowerservicecenter.ee\/de\/wp-json\/wp\/v2\/pages"}],"about":[{"href":"https:\/\/danpowerservicecenter.ee\/de\/wp-json\/wp\/v2\/types\/page"}],"author":[{"embeddable":true,"href":"https:\/\/danpowerservicecenter.ee\/de\/wp-json\/wp\/v2\/users\/1"}],"replies":[{"embeddable":true,"href":"https:\/\/danpowerservicecenter.ee\/de\/wp-json\/wp\/v2\/comments?post=1220"}],"version-history":[{"count":5,"href":"https:\/\/danpowerservicecenter.ee\/de\/wp-json\/wp\/v2\/pages\/1220\/revisions"}],"predecessor-version":[{"id":5338,"href":"https:\/\/danpowerservicecenter.ee\/de\/wp-json\/wp\/v2\/pages\/1220\/revisions\/5338"}],"wp:attachment":[{"href":"https:\/\/danpowerservicecenter.ee\/de\/wp-json\/wp\/v2\/media?parent=1220"}],"curies":[{"name":"wp","href":"https:\/\/api.w.org\/{rel}","templated":true}]}}